{"id":257,"date":"2024-01-02T10:06:09","date_gmt":"2024-01-02T10:06:09","guid":{"rendered":"https:\/\/jennipii.fi\/?page_id=257"},"modified":"2024-01-02T10:06:11","modified_gmt":"2024-01-02T10:06:11","slug":"wilma-willakoira","status":"publish","type":"page","link":"https:\/\/jennipii.fi\/?page_id=257","title":{"rendered":"Wilma Willakoira"},"content":{"rendered":"\n<p>Minun kanssani asuu punainen k\u00e4\u00e4pi\u00f6villakoira Wilma, virallisesti Jade Garden Ocean di Gioia. <\/p>\n\n\n\n<p>Wilma on syntynyt 16.10.2022 Hollolassa, ja h\u00e4nell\u00e4 on kaksi sisarusta (Armas ja Tyyne). <\/p>\n\n\n\n<p>Luonteeltaan Wilma on kiltti, utelias ja menev\u00e4. Aina kaikessa mahdollisessa mukana. <\/p>\n\n\n\n<figure class=\"wp-block-image size-large\"><img loading=\"lazy\" decoding=\"async\" width=\"1024\" height=\"1024\" src=\"https:\/\/jennipii.fi\/wp-content\/uploads\/2024\/01\/Wilma-1024x1024.jpg\" alt=\"\" class=\"wp-image-281\" srcset=\"https:\/\/jennipii.fi\/wp-content\/uploads\/2024\/01\/Wilma-1024x1024.jpg 1024w, https:\/\/jennipii.fi\/wp-content\/uploads\/2024\/01\/Wilma-300x300.jpg 300w, https:\/\/jennipii.fi\/wp-content\/uploads\/2024\/01\/Wilma-150x150.jpg 150w, https:\/\/jennipii.fi\/wp-content\/uploads\/2024\/01\/Wilma-768x768.jpg 768w, https:\/\/jennipii.fi\/wp-content\/uploads\/2024\/01\/Wilma.jpg 1500w\" sizes=\"auto, (max-width: 1024px) 100vw, 1024px\" \/><\/figure>\n","protected":false},"excerpt":{"rendered":"<p>Minun kanssani asuu punainen k\u00e4\u00e4pi\u00f6villakoira Wilma, virallisesti Jade Garden Ocean di Gioia. Wilma on syntynyt 16.10.2022 Hollolassa, ja h\u00e4nell\u00e4 on kaksi sisarusta (Armas ja Tyyne). Luonteeltaan Wilma on kiltti, utelias ja menev\u00e4. Aina kaikessa mahdollisessa mukana.<\/p>\n","protected":false},"author":2,"featured_media":0,"parent":0,"menu_order":0,"comment_status":"closed","ping_status":"closed","template":"","meta":{"footnotes":""},"class_list":["post-257","page","type-page","status-publish","hentry"],"_links":{"self":[{"href":"https:\/\/jennipii.fi\/index.php?rest_route=\/wp\/v2\/pages\/257","targetHints":{"allow":["GET"]}}],"collection":[{"href":"https:\/\/jennipii.fi\/index.php?rest_route=\/wp\/v2\/pages"}],"about":[{"href":"https:\/\/jennipii.fi\/index.php?rest_route=\/wp\/v2\/types\/page"}],"author":[{"embeddable":true,"href":"https:\/\/jennipii.fi\/index.php?rest_route=\/wp\/v2\/users\/2"}],"replies":[{"embeddable":true,"href":"https:\/\/jennipii.fi\/index.php?rest_route=%2Fwp%2Fv2%2Fcomments&post=257"}],"version-history":[{"count":4,"href":"https:\/\/jennipii.fi\/index.php?rest_route=\/wp\/v2\/pages\/257\/revisions"}],"predecessor-version":[{"id":285,"href":"https:\/\/jennipii.fi\/index.php?rest_route=\/wp\/v2\/pages\/257\/revisions\/285"}],"wp:attachment":[{"href":"https:\/\/jennipii.fi\/index.php?rest_route=%2Fwp%2Fv2%2Fmedia&parent=257"}],"curies":[{"name":"wp","href":"https:\/\/api.w.org\/{rel}","templated":true}]}}